{"id":2147,"date":"2018-05-28T09:41:20","date_gmt":"2018-05-28T09:41:20","guid":{"rendered":"https:\/\/foothillgoldline.org\/?page_id=2147"},"modified":"2024-04-17T13:26:01","modified_gmt":"2024-04-17T20:26:01","slug":"board-meetings-agendas","status":"publish","type":"page","link":"https:\/\/foothillgoldline.org\/es\/board-meetings-agendas\/","title":{"rendered":"Junta Directiva\/Agendas"},"content":{"rendered":"<p>La Autoridad de Construcci\u00f3n de la Extensi\u00f3n Foothill de la L\u00ednea Dorada del Metro (Foothill Gold Line) celebra reuniones de la junta directiva el segundo y\/o cuarto jueves del mes a las 11:00 a. m., a menos que se indique lo contrario. El lugar de la reuni\u00f3n aparecer\u00e1 en la agenda de la reuni\u00f3n, pero normalmente se lleva a cabo en:<\/p>\n<p>Oficinas de la Autoridad de Construcci\u00f3n de Metro Gold Line Foothill Extension<br \/>\n406 E. Huntington Drive, Suite 202, Monrovia, CA 91016<\/p>\n<p><span style=\"text-decoration: underline;\">Para recibir futuros avisos y agendas de reuniones de la junta:<\/span><\/p>\n<ol>\n<li><a href=\"https:\/\/foothillgoldline.org\/es\/dual_content\/sign-up-for-e-news\/\">haga clic aqu\u00ed<\/a> registrarse para recibir actualizaciones del proyecto<\/li>\n<li>Despu\u00e9s de confirmar su correo electr\u00f3nico durante el proceso de registro, se le presentar\u00e1 una lista de temas de proyectos para suscribirse. Seleccione &quot;Avisos y agendas de reuniones de la Junta&quot; y haga clic en Enviar.<\/li>\n<\/ol>\n<p><span style=\"text-decoration: underline;\">Para solicitar una copia del acta de la reuni\u00f3n, comun\u00edquese con:<\/span><br \/>\nNatasha Peterson, Secretaria de la Junta<br \/>\nTel\u00e9fono: 626-305-7002.<br \/>\nFax: 626-471-9059<br \/>\nEmail: <a href=\"mailto:npeterson@foothillgoldline.org\">npeterson@foothillgoldline.org<\/a><\/p>\n<p>Agenda de la Junta Directiva \/ Actas\u00a0<a href=\"https:\/\/foothillgoldline.org\/es\/default\/board-agenda-minutes-archives\/\">archivo<\/a>.<\/p>","protected":false},"excerpt":{"rendered":"<p>The Metro Gold Line Foothill Extension Construction Authority (Foothill Gold Line) holds meetings of the board of directors on the second and\/or fourth Thursday of the month at 11:00 am unless otherwise posted. The meeting location will appear on the meeting agenda, but is typically held at: Metro Gold Line Foothill Extension Construction Authority Offices [&hellip;]<\/p>\n","protected":false},"author":9,"featured_media":0,"parent":0,"menu_order":0,"comment_status":"closed","ping_status":"closed","template":"page-events-test.php","meta":{"_acf_changed":false,"footnotes":""},"class_list":["post-2147","page","type-page","status-publish","hentry"],"acf":[],"yoast_head":"<!-- This site is optimized with the Yoast SEO plugin v27.0 - https:\/\/yoast.com\/product\/yoast-seo-wordpress\/ -->\n<title>Board Meetings\/Agendas | Foothill Gold Line<\/title>\n<meta name=\"robots\" content=\"index, follow, max-snippet:-1, max-image-preview:large, max-video-preview:-1\" \/>\n<link rel=\"canonical\" href=\"https:\/\/foothillgoldline.org\/es\/board-meetings-agendas\/\" \/>\n<meta property=\"og:locale\" content=\"es_MX\" \/>\n<meta property=\"og:type\" content=\"article\" \/>\n<meta property=\"og:title\" content=\"Board Meetings\/Agendas | Foothill Gold Line\" \/>\n<meta property=\"og:description\" content=\"The Metro Gold Line Foothill Extension Construction Authority (Foothill Gold Line) holds meetings of the board of directors on the second and\/or fourth Thursday of the month at 11:00 am unless otherwise posted. The meeting location will appear on the meeting agenda, but is typically held at: Metro Gold Line Foothill Extension Construction Authority Offices [&hellip;]\" \/>\n<meta property=\"og:url\" content=\"https:\/\/foothillgoldline.org\/es\/board-meetings-agendas\/\" \/>\n<meta property=\"og:site_name\" content=\"Foothill Gold Line\" \/>\n<meta property=\"article:publisher\" content=\"https:\/\/www.facebook.com\/iwillride\" \/>\n<meta property=\"article:modified_time\" content=\"2024-04-17T20:26:01+00:00\" \/>\n<meta property=\"og:image\" content=\"https:\/\/foothillgoldline.org\/wp-content\/uploads\/2020\/08\/FGL_2016_frameless-LARGE.jpg\" \/>\n\t<meta property=\"og:image:width\" content=\"2000\" \/>\n\t<meta property=\"og:image:height\" content=\"1482\" \/>\n\t<meta property=\"og:image:type\" content=\"image\/jpeg\" \/>\n<meta name=\"twitter:card\" content=\"summary_large_image\" \/>\n<meta name=\"twitter:site\" content=\"@IWillRide\" \/>\n<meta name=\"twitter:label1\" content=\"Tiempo de lectura\" \/>\n\t<meta name=\"twitter:data1\" content=\"1 minuto\" \/>\n<script type=\"application\/ld+json\" class=\"yoast-schema-graph\">{\"@context\":\"https:\/\/schema.org\",\"@graph\":[{\"@type\":\"WebPage\",\"@id\":\"https:\/\/foothillgoldline.org\/board-meetings-agendas\/\",\"url\":\"https:\/\/foothillgoldline.org\/board-meetings-agendas\/\",\"name\":\"Board Meetings\/Agendas | Foothill Gold Line\",\"isPartOf\":{\"@id\":\"https:\/\/foothillgoldline.org\/#website\"},\"datePublished\":\"2018-05-28T09:41:20+00:00\",\"dateModified\":\"2024-04-17T20:26:01+00:00\",\"breadcrumb\":{\"@id\":\"https:\/\/foothillgoldline.org\/board-meetings-agendas\/#breadcrumb\"},\"inLanguage\":\"es\",\"potentialAction\":[{\"@type\":\"ReadAction\",\"target\":[\"https:\/\/foothillgoldline.org\/board-meetings-agendas\/\"]}]},{\"@type\":\"BreadcrumbList\",\"@id\":\"https:\/\/foothillgoldline.org\/board-meetings-agendas\/#breadcrumb\",\"itemListElement\":[{\"@type\":\"ListItem\",\"position\":1,\"name\":\"Home\",\"item\":\"https:\/\/foothillgoldline.org\/\"},{\"@type\":\"ListItem\",\"position\":2,\"name\":\"Board Meetings\/Agendas\"}]},{\"@type\":\"WebSite\",\"@id\":\"https:\/\/foothillgoldline.org\/#website\",\"url\":\"https:\/\/foothillgoldline.org\/\",\"name\":\"Foothill Gold Line\",\"description\":\"\",\"publisher\":{\"@id\":\"https:\/\/foothillgoldline.org\/#organization\"},\"potentialAction\":[{\"@type\":\"SearchAction\",\"target\":{\"@type\":\"EntryPoint\",\"urlTemplate\":\"https:\/\/foothillgoldline.org\/?s={search_term_string}\"},\"query-input\":{\"@type\":\"PropertyValueSpecification\",\"valueRequired\":true,\"valueName\":\"search_term_string\"}}],\"inLanguage\":\"es\"},{\"@type\":\"Organization\",\"@id\":\"https:\/\/foothillgoldline.org\/#organization\",\"name\":\"Foothill Gold Line\",\"url\":\"https:\/\/foothillgoldline.org\/\",\"logo\":{\"@type\":\"ImageObject\",\"inLanguage\":\"es\",\"@id\":\"https:\/\/foothillgoldline.org\/#\/schema\/logo\/image\/\",\"url\":\"https:\/\/foothillgoldline.org\/wp-content\/uploads\/2018\/05\/logo.jpg\",\"contentUrl\":\"https:\/\/foothillgoldline.org\/wp-content\/uploads\/2018\/05\/logo.jpg\",\"width\":90,\"height\":90,\"caption\":\"Foothill Gold Line\"},\"image\":{\"@id\":\"https:\/\/foothillgoldline.org\/#\/schema\/logo\/image\/\"},\"sameAs\":[\"https:\/\/www.facebook.com\/iwillride\",\"https:\/\/x.com\/IWillRide\"]}]}<\/script>\n<!-- \/ Yoast SEO plugin. -->","yoast_head_json":{"title":"Reuniones de la Junta Directiva\/Orden del D\u00eda | L\u00ednea Dorada Foothill","robots":{"index":"index","follow":"follow","max-snippet":"max-snippet:-1","max-image-preview":"max-image-preview:large","max-video-preview":"max-video-preview:-1"},"canonical":"https:\/\/foothillgoldline.org\/es\/board-meetings-agendas\/","og_locale":"es_MX","og_type":"article","og_title":"Board Meetings\/Agendas | Foothill Gold Line","og_description":"The Metro Gold Line Foothill Extension Construction Authority (Foothill Gold Line) holds meetings of the board of directors on the second and\/or fourth Thursday of the month at 11:00 am unless otherwise posted. The meeting location will appear on the meeting agenda, but is typically held at: Metro Gold Line Foothill Extension Construction Authority Offices [&hellip;]","og_url":"https:\/\/foothillgoldline.org\/es\/board-meetings-agendas\/","og_site_name":"Foothill Gold Line","article_publisher":"https:\/\/www.facebook.com\/iwillride","article_modified_time":"2024-04-17T20:26:01+00:00","og_image":[{"width":2000,"height":1482,"url":"https:\/\/foothillgoldline.org\/wp-content\/uploads\/2020\/08\/FGL_2016_frameless-LARGE.jpg","type":"image\/jpeg"}],"twitter_card":"summary_large_image","twitter_site":"@IWillRide","twitter_misc":{"Tiempo de lectura":"1 minuto"},"schema":{"@context":"https:\/\/schema.org","@graph":[{"@type":"WebPage","@id":"https:\/\/foothillgoldline.org\/board-meetings-agendas\/","url":"https:\/\/foothillgoldline.org\/board-meetings-agendas\/","name":"Reuniones de la Junta Directiva\/Orden del D\u00eda | L\u00ednea Dorada Foothill","isPartOf":{"@id":"https:\/\/foothillgoldline.org\/#website"},"datePublished":"2018-05-28T09:41:20+00:00","dateModified":"2024-04-17T20:26:01+00:00","breadcrumb":{"@id":"https:\/\/foothillgoldline.org\/board-meetings-agendas\/#breadcrumb"},"inLanguage":"es","potentialAction":[{"@type":"ReadAction","target":["https:\/\/foothillgoldline.org\/board-meetings-agendas\/"]}]},{"@type":"BreadcrumbList","@id":"https:\/\/foothillgoldline.org\/board-meetings-agendas\/#breadcrumb","itemListElement":[{"@type":"ListItem","position":1,"name":"Home","item":"https:\/\/foothillgoldline.org\/"},{"@type":"ListItem","position":2,"name":"Board Meetings\/Agendas"}]},{"@type":"WebSite","@id":"https:\/\/foothillgoldline.org\/#website","url":"https:\/\/foothillgoldline.org\/","name":"L\u00ednea de oro de la colina","description":"","publisher":{"@id":"https:\/\/foothillgoldline.org\/#organization"},"potentialAction":[{"@type":"SearchAction","target":{"@type":"EntryPoint","urlTemplate":"https:\/\/foothillgoldline.org\/?s={search_term_string}"},"query-input":{"@type":"PropertyValueSpecification","valueRequired":true,"valueName":"search_term_string"}}],"inLanguage":"es"},{"@type":"Organization","@id":"https:\/\/foothillgoldline.org\/#organization","name":"L\u00ednea de oro de la colina","url":"https:\/\/foothillgoldline.org\/","logo":{"@type":"ImageObject","inLanguage":"es","@id":"https:\/\/foothillgoldline.org\/#\/schema\/logo\/image\/","url":"https:\/\/foothillgoldline.org\/wp-content\/uploads\/2018\/05\/logo.jpg","contentUrl":"https:\/\/foothillgoldline.org\/wp-content\/uploads\/2018\/05\/logo.jpg","width":90,"height":90,"caption":"Foothill Gold Line"},"image":{"@id":"https:\/\/foothillgoldline.org\/#\/schema\/logo\/image\/"},"sameAs":["https:\/\/www.facebook.com\/iwillride","https:\/\/x.com\/IWillRide"]}]}},"_links":{"self":[{"href":"https:\/\/foothillgoldline.org\/es\/wp-json\/wp\/v2\/pages\/2147","targetHints":{"allow":["GET"]}}],"collection":[{"href":"https:\/\/foothillgoldline.org\/es\/wp-json\/wp\/v2\/pages"}],"about":[{"href":"https:\/\/foothillgoldline.org\/es\/wp-json\/wp\/v2\/types\/page"}],"author":[{"embeddable":true,"href":"https:\/\/foothillgoldline.org\/es\/wp-json\/wp\/v2\/users\/9"}],"replies":[{"embeddable":true,"href":"https:\/\/foothillgoldline.org\/es\/wp-json\/wp\/v2\/comments?post=2147"}],"version-history":[{"count":11,"href":"https:\/\/foothillgoldline.org\/es\/wp-json\/wp\/v2\/pages\/2147\/revisions"}],"predecessor-version":[{"id":10727,"href":"https:\/\/foothillgoldline.org\/es\/wp-json\/wp\/v2\/pages\/2147\/revisions\/10727"}],"wp:attachment":[{"href":"https:\/\/foothillgoldline.org\/es\/wp-json\/wp\/v2\/media?parent=2147"}],"curies":[{"name":"gracias","href":"https:\/\/api.w.org\/{rel}","templated":true}]}}