{"id":1997,"date":"2018-05-25T18:01:55","date_gmt":"2018-05-25T18:01:55","guid":{"rendered":"https:\/\/foothillgoldline.org\/?page_id=1997"},"modified":"2025-09-24T17:02:19","modified_gmt":"2025-09-25T00:02:19","slug":"home-page","status":"publish","type":"page","link":"https:\/\/foothillgoldline.org\/es\/","title":{"rendered":"P\u00e1gina de inicio"},"content":{"rendered":"","protected":false},"excerpt":{"rendered":"","protected":false},"author":9,"featured_media":6207,"parent":0,"menu_order":0,"comment_status":"closed","ping_status":"closed","template":"page-home.php","meta":{"_acf_changed":false,"footnotes":""},"class_list":["post-1997","page","type-page","status-publish","has-post-thumbnail","hentry"],"acf":[],"yoast_head":"<!-- This site is optimized with the Yoast SEO plugin v27.0 - https:\/\/yoast.com\/product\/yoast-seo-wordpress\/ -->\n<title>Home page | Foothill Gold Line<\/title>\n<meta name=\"description\" content=\"The Foothill Gold Line from Glendora to Montclair will extend the Metro Gold Line 12.3 miles and add stations in the cities of Glendora, San Dimas, La Verne, Pomona, Claremont, and Montclair.\" \/>\n<meta name=\"robots\" content=\"index, follow, max-snippet:-1, max-image-preview:large, max-video-preview:-1\" \/>\n<link rel=\"canonical\" href=\"https:\/\/foothillgoldline.org\/es\/\" \/>\n<meta property=\"og:locale\" content=\"es_MX\" \/>\n<meta property=\"og:type\" content=\"article\" \/>\n<meta property=\"og:title\" content=\"Foothill Gold Line Project Website\" \/>\n<meta property=\"og:description\" content=\"The Foothill Gold Line from Glendora to Montclair will extend the Metro Gold Line 12.3 miles and add stations in the cities of Glendora, San Dimas, La Verne, Pomona, Claremont, and Montclair.\" \/>\n<meta property=\"og:url\" content=\"https:\/\/foothillgoldline.org\/es\/\" \/>\n<meta property=\"og:site_name\" content=\"Foothill Gold Line\" \/>\n<meta property=\"article:publisher\" content=\"https:\/\/www.facebook.com\/iwillride\" \/>\n<meta property=\"article:modified_time\" content=\"2025-09-25T00:02:19+00:00\" \/>\n<meta property=\"og:image\" content=\"https:\/\/foothillgoldline.org\/wp-content\/uploads\/2020\/08\/FGL_2016_frameless-LARGE.jpg\" \/>\n\t<meta property=\"og:image:width\" content=\"2000\" \/>\n\t<meta property=\"og:image:height\" content=\"1482\" \/>\n\t<meta property=\"og:image:type\" content=\"image\/jpeg\" \/>\n<meta name=\"twitter:card\" content=\"summary_large_image\" \/>\n<meta name=\"twitter:title\" content=\"Foothill Gold Line Project Website\" \/>\n<meta name=\"twitter:image\" content=\"https:\/\/foothillgoldline.org\/wp-content\/uploads\/2020\/08\/FGL_2016_frameless-LARGE.jpg\" \/>\n<meta name=\"twitter:site\" content=\"@IWillRide\" \/>\n<meta name=\"twitter:label1\" content=\"Tiempo de lectura\" \/>\n\t<meta name=\"twitter:data1\" content=\"1 minuto\" \/>\n<script type=\"application\/ld+json\" class=\"yoast-schema-graph\">{\"@context\":\"https:\/\/schema.org\",\"@graph\":[{\"@type\":\"WebPage\",\"@id\":\"https:\/\/foothillgoldline.org\/\",\"url\":\"https:\/\/foothillgoldline.org\/\",\"name\":\"Home page | Foothill Gold Line\",\"isPartOf\":{\"@id\":\"https:\/\/foothillgoldline.org\/#website\"},\"primaryImageOfPage\":{\"@id\":\"https:\/\/foothillgoldline.org\/#primaryimage\"},\"image\":{\"@id\":\"https:\/\/foothillgoldline.org\/#primaryimage\"},\"thumbnailUrl\":\"https:\/\/foothillgoldline.org\/wp-content\/uploads\/2020\/08\/FGL_2016_frameless-LARGE.jpg\",\"datePublished\":\"2018-05-25T18:01:55+00:00\",\"dateModified\":\"2025-09-25T00:02:19+00:00\",\"description\":\"The Foothill Gold Line from Glendora to Montclair will extend the Metro Gold Line 12.3 miles and add stations in the cities of Glendora, San Dimas, La Verne, Pomona, Claremont, and Montclair.\",\"breadcrumb\":{\"@id\":\"https:\/\/foothillgoldline.org\/#breadcrumb\"},\"inLanguage\":\"es\",\"potentialAction\":[{\"@type\":\"ReadAction\",\"target\":[\"https:\/\/foothillgoldline.org\/\"]}]},{\"@type\":\"ImageObject\",\"inLanguage\":\"es\",\"@id\":\"https:\/\/foothillgoldline.org\/#primaryimage\",\"url\":\"https:\/\/foothillgoldline.org\/wp-content\/uploads\/2020\/08\/FGL_2016_frameless-LARGE.jpg\",\"contentUrl\":\"https:\/\/foothillgoldline.org\/wp-content\/uploads\/2020\/08\/FGL_2016_frameless-LARGE.jpg\",\"width\":2000,\"height\":1482},{\"@type\":\"BreadcrumbList\",\"@id\":\"https:\/\/foothillgoldline.org\/#breadcrumb\",\"itemListElement\":[{\"@type\":\"ListItem\",\"position\":1,\"name\":\"Home\",\"item\":\"https:\/\/foothillgoldline.org\/\"},{\"@type\":\"ListItem\",\"position\":2,\"name\":\"Home page\"}]},{\"@type\":\"WebSite\",\"@id\":\"https:\/\/foothillgoldline.org\/#website\",\"url\":\"https:\/\/foothillgoldline.org\/\",\"name\":\"Foothill Gold Line\",\"description\":\"\",\"publisher\":{\"@id\":\"https:\/\/foothillgoldline.org\/#organization\"},\"potentialAction\":[{\"@type\":\"SearchAction\",\"target\":{\"@type\":\"EntryPoint\",\"urlTemplate\":\"https:\/\/foothillgoldline.org\/?s={search_term_string}\"},\"query-input\":{\"@type\":\"PropertyValueSpecification\",\"valueRequired\":true,\"valueName\":\"search_term_string\"}}],\"inLanguage\":\"es\"},{\"@type\":\"Organization\",\"@id\":\"https:\/\/foothillgoldline.org\/#organization\",\"name\":\"Foothill Gold Line\",\"url\":\"https:\/\/foothillgoldline.org\/\",\"logo\":{\"@type\":\"ImageObject\",\"inLanguage\":\"es\",\"@id\":\"https:\/\/foothillgoldline.org\/#\/schema\/logo\/image\/\",\"url\":\"https:\/\/foothillgoldline.org\/wp-content\/uploads\/2018\/05\/logo.jpg\",\"contentUrl\":\"https:\/\/foothillgoldline.org\/wp-content\/uploads\/2018\/05\/logo.jpg\",\"width\":90,\"height\":90,\"caption\":\"Foothill Gold Line\"},\"image\":{\"@id\":\"https:\/\/foothillgoldline.org\/#\/schema\/logo\/image\/\"},\"sameAs\":[\"https:\/\/www.facebook.com\/iwillride\",\"https:\/\/x.com\/IWillRide\"]}]}<\/script>\n<!-- \/ Yoast SEO plugin. -->","yoast_head_json":{"title":"P\u00e1gina de inicio | L\u00ednea Dorada de Foothill","description":"La Foothill Gold Line desde Glendora hasta Montclair extender\u00e1 la Metro Gold Line 12,3 millas y agregar\u00e1 estaciones en las ciudades de Glendora, San Dimas, La Verne, Pomona, Claremont y Montclair.","robots":{"index":"index","follow":"follow","max-snippet":"max-snippet:-1","max-image-preview":"max-image-preview:large","max-video-preview":"max-video-preview:-1"},"canonical":"https:\/\/foothillgoldline.org\/es\/","og_locale":"es_MX","og_type":"article","og_title":"Foothill Gold Line Project Website","og_description":"The Foothill Gold Line from Glendora to Montclair will extend the Metro Gold Line 12.3 miles and add stations in the cities of Glendora, San Dimas, La Verne, Pomona, Claremont, and Montclair.","og_url":"https:\/\/foothillgoldline.org\/es\/","og_site_name":"Foothill Gold Line","article_publisher":"https:\/\/www.facebook.com\/iwillride","article_modified_time":"2025-09-25T00:02:19+00:00","og_image":[{"width":2000,"height":1482,"url":"https:\/\/foothillgoldline.org\/wp-content\/uploads\/2020\/08\/FGL_2016_frameless-LARGE.jpg","type":"image\/jpeg"}],"twitter_card":"summary_large_image","twitter_title":"Foothill Gold Line Project Website","twitter_image":"https:\/\/foothillgoldline.org\/wp-content\/uploads\/2020\/08\/FGL_2016_frameless-LARGE.jpg","twitter_site":"@IWillRide","twitter_misc":{"Tiempo de lectura":"1 minuto"},"schema":{"@context":"https:\/\/schema.org","@graph":[{"@type":"WebPage","@id":"https:\/\/foothillgoldline.org\/","url":"https:\/\/foothillgoldline.org\/","name":"P\u00e1gina de inicio | L\u00ednea Dorada de Foothill","isPartOf":{"@id":"https:\/\/foothillgoldline.org\/#website"},"primaryImageOfPage":{"@id":"https:\/\/foothillgoldline.org\/#primaryimage"},"image":{"@id":"https:\/\/foothillgoldline.org\/#primaryimage"},"thumbnailUrl":"https:\/\/foothillgoldline.org\/wp-content\/uploads\/2020\/08\/FGL_2016_frameless-LARGE.jpg","datePublished":"2018-05-25T18:01:55+00:00","dateModified":"2025-09-25T00:02:19+00:00","description":"La Foothill Gold Line desde Glendora hasta Montclair extender\u00e1 la Metro Gold Line 12,3 millas y agregar\u00e1 estaciones en las ciudades de Glendora, San Dimas, La Verne, Pomona, Claremont y Montclair.","breadcrumb":{"@id":"https:\/\/foothillgoldline.org\/#breadcrumb"},"inLanguage":"es","potentialAction":[{"@type":"ReadAction","target":["https:\/\/foothillgoldline.org\/"]}]},{"@type":"ImageObject","inLanguage":"es","@id":"https:\/\/foothillgoldline.org\/#primaryimage","url":"https:\/\/foothillgoldline.org\/wp-content\/uploads\/2020\/08\/FGL_2016_frameless-LARGE.jpg","contentUrl":"https:\/\/foothillgoldline.org\/wp-content\/uploads\/2020\/08\/FGL_2016_frameless-LARGE.jpg","width":2000,"height":1482},{"@type":"BreadcrumbList","@id":"https:\/\/foothillgoldline.org\/#breadcrumb","itemListElement":[{"@type":"ListItem","position":1,"name":"Home","item":"https:\/\/foothillgoldline.org\/"},{"@type":"ListItem","position":2,"name":"Home page"}]},{"@type":"WebSite","@id":"https:\/\/foothillgoldline.org\/#website","url":"https:\/\/foothillgoldline.org\/","name":"L\u00ednea de oro de la colina","description":"","publisher":{"@id":"https:\/\/foothillgoldline.org\/#organization"},"potentialAction":[{"@type":"SearchAction","target":{"@type":"EntryPoint","urlTemplate":"https:\/\/foothillgoldline.org\/?s={search_term_string}"},"query-input":{"@type":"PropertyValueSpecification","valueRequired":true,"valueName":"search_term_string"}}],"inLanguage":"es"},{"@type":"Organization","@id":"https:\/\/foothillgoldline.org\/#organization","name":"L\u00ednea de oro de la colina","url":"https:\/\/foothillgoldline.org\/","logo":{"@type":"ImageObject","inLanguage":"es","@id":"https:\/\/foothillgoldline.org\/#\/schema\/logo\/image\/","url":"https:\/\/foothillgoldline.org\/wp-content\/uploads\/2018\/05\/logo.jpg","contentUrl":"https:\/\/foothillgoldline.org\/wp-content\/uploads\/2018\/05\/logo.jpg","width":90,"height":90,"caption":"Foothill Gold Line"},"image":{"@id":"https:\/\/foothillgoldline.org\/#\/schema\/logo\/image\/"},"sameAs":["https:\/\/www.facebook.com\/iwillride","https:\/\/x.com\/IWillRide"]}]}},"_links":{"self":[{"href":"https:\/\/foothillgoldline.org\/es\/wp-json\/wp\/v2\/pages\/1997","targetHints":{"allow":["GET"]}}],"collection":[{"href":"https:\/\/foothillgoldline.org\/es\/wp-json\/wp\/v2\/pages"}],"about":[{"href":"https:\/\/foothillgoldline.org\/es\/wp-json\/wp\/v2\/types\/page"}],"author":[{"embeddable":true,"href":"https:\/\/foothillgoldline.org\/es\/wp-json\/wp\/v2\/users\/9"}],"replies":[{"embeddable":true,"href":"https:\/\/foothillgoldline.org\/es\/wp-json\/wp\/v2\/comments?post=1997"}],"version-history":[{"count":78,"href":"https:\/\/foothillgoldline.org\/es\/wp-json\/wp\/v2\/pages\/1997\/revisions"}],"predecessor-version":[{"id":11954,"href":"https:\/\/foothillgoldline.org\/es\/wp-json\/wp\/v2\/pages\/1997\/revisions\/11954"}],"wp:featuredmedia":[{"embeddable":true,"href":"https:\/\/foothillgoldline.org\/es\/wp-json\/wp\/v2\/media\/6207"}],"wp:attachment":[{"href":"https:\/\/foothillgoldline.org\/es\/wp-json\/wp\/v2\/media?parent=1997"}],"curies":[{"name":"gracias","href":"https:\/\/api.w.org\/{rel}","templated":true}]}}